{"id":22,"date":"2024-12-04T18:01:54","date_gmt":"2024-12-04T18:01:54","guid":{"rendered":"https:\/\/cei.productosdigitales.mx\/?page_id=22"},"modified":"2025-02-06T02:10:17","modified_gmt":"2025-02-06T02:10:17","slug":"venue","status":"publish","type":"page","link":"https:\/\/turnsofthecenturies.com\/es\/venue\/","title":{"rendered":"Sede"},"content":{"rendered":"<div class=\"wp-block-group alignfull has-global-padding is-layout-constrained wp-container-core-group-is-layout-a75e7c4c wp-block-group-is-layout-constrained has-background\" style=\"margin-top:0;margin-bottom:0;padding-top:var(--wp--preset--spacing--60);padding-right:var(--wp--preset--spacing--50);padding-bottom:var(--wp--preset--spacing--60);padding-left:var(--wp--preset--spacing--50);background-image:url(&#039;https:\/\/turnsofthecenturies.com\/wp-content\/uploads\/2024\/12\/Mask-group-9.png&#039;);background-position:71% 57.99999999999999%;background-size:cover;\">\n<div class=\"wp-block-columns alignwide tw-cols-stack-md is-layout-flex wp-container-core-columns-is-layout-bfe50705 wp-block-columns-is-layout-flex\" style=\"padding-top:var(--wp--preset--spacing--40);padding-bottom:var(--wp--preset--spacing--40)\">\n<div class=\"wp-block-column is-layout-flow wp-block-column-is-layout-flow\" style=\"--col-width:40%;flex-basis:40%\">\n<p class=\"has-custom-azul-color has-text-color has-link-color has-x-large-font-size wp-elements-bd0f49db91cc3378b845441925a91845 wp-container-content-0733e5d0\"><strong>Acerca de CASUL<\/strong><\/p>\n\n\n\n<p><a href=\"https:\/\/mexicocity.cdmx.gob.mx\/venues\/casa-universitaria-del-libro\/\"><strong>M\u00e1s informaci\u00f3n de CASUL<\/strong><\/a><\/p>\n<\/div>\n\n\n\n<div class=\"wp-block-column is-layout-flow wp-block-column-is-layout-flow\" style=\"--col-width:60%;flex-basis:60%\">\n<figure class=\"wp-block-image alignwide size-large is-style-rounded is-style-rounded--1\" style=\"margin-top:0;margin-bottom:0\"><img loading=\"lazy\" decoding=\"async\" width=\"1024\" height=\"785\" src=\"https:\/\/turnsofthecenturies.com\/wp-content\/uploads\/2024\/12\/CASUL-image-2-1024x785.jpg\" alt=\"\" class=\"wp-image-198\" srcset=\"https:\/\/turnsofthecenturies.com\/wp-content\/uploads\/2024\/12\/CASUL-image-2-1024x785.jpg 1024w, https:\/\/turnsofthecenturies.com\/wp-content\/uploads\/2024\/12\/CASUL-image-2-300x230.jpg 300w, https:\/\/turnsofthecenturies.com\/wp-content\/uploads\/2024\/12\/CASUL-image-2-768x589.jpg 768w, https:\/\/turnsofthecenturies.com\/wp-content\/uploads\/2024\/12\/CASUL-image-2.avif 1200w\" sizes=\"auto, (max-width: 1024px) 100vw, 1024px\" \/><figcaption class=\"wp-element-caption\">La Casa Universitaria del Libro (CASUL) es una joya hist\u00f3rica y cultural ubicada en el coraz\u00f3n de la Ciudad de M\u00e9xico. Como parte de la Universidad Nacional Aut\u00f3noma de M\u00e9xico (UNAM), CASUL est\u00e1 dedicada a promover el intercambio literario y cultural. Alojada en un edificio colonial preservado con suntuosa belleza, CASUL ofrece un entorno inspirador para encuentros intelectuales, como Entre siglos: literatura y cultura irlandesas y latinoamericanas. Simposio internacional 2025.<\/figcaption><\/figure>\n\n\n\n<p class=\"has-medium-font-size\" style=\"font-style:normal;font-weight:700\"><mark style=\"background-color:rgba(0, 0, 0, 0);color:#157877\" class=\"has-inline-color\">Sede<\/mark> <a href=\"https:\/\/maps.app.goo.gl\/7x6bbVp9ZHnmSNQb6\" data-type=\"link\" data-id=\"https:\/\/maps.app.goo.gl\/7x6bbVp9ZHnmSNQb6\">Orizaba 24, Colonia Roma Norte, 06700, Mexico City, Mexico<\/a><\/p>\n\n\n\n<p>***CASUL es un lugar hist\u00f3rico: es una casa de dos pisos con varios tramos de escaleras y otros desaf\u00edos para personas con restricciones de movilidad. Pedimos disculpas de antemano por cualquier inconveniente.<\/p>\n<\/div>\n<\/div>\n\n\n\n<div style=\"height:62px\" aria-hidden=\"true\" class=\"wp-block-spacer\"><\/div>\n<\/div>\n\n\n\n<div class=\"wp-block-group alignfull has-base-2-background-color has-background is-layout-flow wp-block-group-is-layout-flow\" style=\"margin-top:0;margin-bottom:0;padding-top:var(--wp--preset--spacing--50);padding-right:var(--wp--preset--spacing--50);padding-bottom:var(--wp--preset--spacing--50);padding-left:var(--wp--preset--spacing--50)\">\n<div class=\"wp-block-columns alignwide tw-cols-stack-md is-layout-flex wp-container-core-columns-is-layout-d7d4a205 wp-block-columns-is-layout-flex\">\n<div class=\"wp-block-column is-layout-flow wp-block-column-is-layout-flow\" style=\"--col-width:25%;flex-basis:25%\">\n<p class=\"has-custom-verde-color has-text-color has-link-color has-x-large-font-size wp-elements-87a70a1e3ccfe4888e906fc3b330ee45\" style=\"font-style:normal;font-weight:700;line-height:1.2\">Viajar a M\u00e9xico<\/p>\n\n\n\n<p style=\"padding-right:var(--wp--preset--spacing--10);padding-left:var(--wp--preset--spacing--10)\"><strong><a href=\"http:\/\/mexicocity.cdmx.gob.mx\/e\/getting-around\/\" data-type=\"link\" data-id=\"http:\/\/mexicocity.cdmx.gob.mx\/e\/getting-around\/\">C\u00f3mo desplazarse por la ciudad<\/a><\/strong><\/p>\n\n\n\n<p style=\"padding-right:var(--wp--preset--spacing--10);padding-left:var(--wp--preset--spacing--10)\"><a href=\"https:\/\/mexicocity.cdmx.gob.mx\/e\/basics-for-mexico-city-travel\/\"><strong>Visitar la Ciudad de M\u00e9xico (con informaci\u00f3n sobre visas)<\/strong><\/a><\/p>\n\n\n\n<p style=\"padding-right:var(--wp--preset--spacing--10);padding-left:var(--wp--preset--spacing--10)\"><strong><a href=\"https:\/\/mexicocity.cdmx.gob.mx\/tag\/cu-campus\/\">Acerca de Ciudad Universitaria<\/a><\/strong><\/p>\n<\/div>\n\n\n\n<div class=\"wp-block-column is-layout-flow wp-container-core-column-is-layout-119bc444 wp-block-column-is-layout-flow\" style=\"--col-width:75%;flex-basis:75%\">\n<div class=\"wp-block-group is-layout-grid wp-container-core-group-is-layout-71863cb6 wp-block-group-is-layout-grid\">\n<div class=\"wp-block-group is-layout-flow wp-block-group-is-layout-flow\">\n<p class=\"has-large-font-size\" style=\"margin-top:var(--wp--preset--spacing--10);margin-bottom:var(--wp--preset--spacing--10)\"><strong>Desde el Aeropuerto Internacional Benito Ju\u00e1rez <\/strong><\/p>\n\n\n\n<div class=\"wp-block-group is-vertical is-layout-flex wp-container-core-group-is-layout-1b97c704 wp-block-group-is-layout-flex\" style=\"margin-top:var(--wp--preset--spacing--20);margin-bottom:var(--wp--preset--spacing--20);padding-top:0;padding-bottom:0\">\n<div class=\"wp-block-group is-vertical is-content-justification-left is-nowrap is-layout-flex wp-container-core-group-is-layout-970da055 wp-block-group-is-layout-flex\">\n<p class=\"has-contrast-2-color has-text-color has-link-color wp-elements-301f851ef7a7c6927d1de35338c13935\"><strong>Taxis<\/strong><\/p>\n\n\n\n<p class=\"has-contrast-2-color has-text-color has-link-color wp-elements-75d86b7b2336fdf5f994773181d80945\" style=\"margin-top:0;margin-bottom:0\"><a href=\"https:\/\/www.aicm.com.mx\/pasajeros\/servicios\/prestadores-de-servicios\/transportes\/taxis\">https:\/\/www.aicm.com.mx\/pasajeros\/servicios\/prestadores-de-servicios\/transportes\/taxis<\/a><\/p>\n<\/div>\n\n\n\n<div class=\"wp-block-group wp-container-content-69bc4bdf is-vertical is-content-justification-left is-nowrap is-layout-flex wp-container-core-group-is-layout-9cae9dfe wp-block-group-is-layout-flex\">\n<p class=\"has-contrast-2-color has-text-color has-link-color wp-elements-ef217a96235875fa3a1fae3b1ab79185\"><strong>Aplicaciones de transporte<\/strong><\/p>\n\n\n\n<p class=\"has-contrast-2-color has-text-color has-link-color wp-elements-d6ec3e8f5ff520997dbc06f6b7d4d094\">Uber (y otras aplicaciones, como DiDi) est\u00e1n disponibles (opci\u00f3n sugerida)<\/p>\n<\/div>\n\n\n\n<div class=\"wp-block-group is-vertical is-content-justification-left is-nowrap is-layout-flex wp-container-core-group-is-layout-970da055 wp-block-group-is-layout-flex\">\n<p class=\"has-contrast-2-color has-text-color has-link-color wp-elements-ada153ab5428c4146ca2086b7854cb72\"><strong>Metrob\u00fas desde la Terminal 2<\/strong><\/p>\n\n\n\n<p class=\"has-contrast-2-color has-text-color has-link-color wp-elements-6b7f0bd7319552f97884ed17b6dcf913\">Terminal 2 - Aeropuerto (opci\u00f3n sugerida)<br><a href=\"https:\/\/maps.app.goo.gl\/WhuhUZCWfUSKHcuE7\" data-type=\"link\" data-id=\"https:\/\/maps.app.goo.gl\/WhuhUZCWfUSKHcuE7\" target=\"_blank\" rel=\"noreferrer noopener\">Direcciones<\/a><\/p>\n<\/div>\n\n\n\n<div class=\"wp-block-group is-vertical is-content-justification-left is-nowrap is-layout-flex wp-container-core-group-is-layout-970da055 wp-block-group-is-layout-flex\">\n<p class=\"has-contrast-2-color has-text-color has-link-color wp-elements-e74261d0b3a7c2ddde7b0ed17a4e4204\"><strong>Metro desde la Terminal 1<\/strong><\/p>\n\n\n\n<p class=\"has-contrast-2-color has-text-color has-link-color wp-elements-fbfaf73064e14430bf1aae7f0f327794\">Terminal A\u00e9rea<\/p>\n\n\n\n<p class=\"has-contrast-2-color has-text-color has-link-color wp-elements-837ad36a9f98368fba7e7443169c1935\"><a href=\"https:\/\/maps.app.goo.gl\/ikdj3CoC4VhUqgD78\" data-type=\"link\" data-id=\"https:\/\/maps.app.goo.gl\/ikdj3CoC4VhUqgD78\" target=\"_blank\" rel=\"noreferrer noopener\">Direcciones<\/a><\/p>\n\n\n\n<p class=\"has-contrast-2-color has-text-color has-link-color wp-elements-856f6db8c8705859546553a1c2baeab7\">&nbsp;<\/p>\n<\/div>\n<\/div>\n<\/div>\n\n\n\n<div class=\"wp-block-group is-layout-flow wp-block-group-is-layout-flow\">\n<p class=\"has-large-font-size\" style=\"margin-top:var(--wp--preset--spacing--10);margin-bottom:var(--wp--preset--spacing--10)\"><strong>Desde el Aeropuerto Internacional Felipe \u00c1ngeles<\/strong><\/p>\n\n\n\n<div class=\"wp-block-group is-vertical is-layout-flex wp-container-core-group-is-layout-2471f43f wp-block-group-is-layout-flex\" style=\"margin-top:var(--wp--preset--spacing--20);margin-bottom:var(--wp--preset--spacing--20);padding-top:0;padding-bottom:0\">\n<div class=\"wp-block-group is-vertical is-content-justification-left is-nowrap is-layout-flex wp-container-core-group-is-layout-970da055 wp-block-group-is-layout-flex\">\n<p class=\"has-contrast-2-color has-text-color has-link-color wp-elements-301f851ef7a7c6927d1de35338c13935\"><strong>Taxis<\/strong><\/p>\n\n\n\n<p class=\"has-contrast-2-color has-text-color has-link-color wp-elements-d64ab5e84fb6a77457db465d514ca904\"><a href=\"https:\/\/aifa.aero\/transporte.html#taxi\">https:\/\/aifa.aero\/transporte.html#taxi<\/a><\/p>\n<\/div>\n\n\n\n<div class=\"wp-block-group wp-container-content-69bc4bdf is-vertical is-content-justification-left is-nowrap is-layout-flex wp-container-core-group-is-layout-9cae9dfe wp-block-group-is-layout-flex\">\n<p class=\"has-contrast-2-color has-text-color has-link-color wp-elements-5a3619552c6ff5dd34d66bb1b965d507\"><strong>Cami\u00f3n<\/strong><\/p>\n\n\n\n<p class=\"has-contrast-2-color has-text-color has-link-color wp-elements-aff2c5428809b483feebc83726efbfc2\"><a href=\"https:\/\/aifa.aero\/transporte.html#titt\" target=\"_blank\" rel=\"noreferrer noopener\">https:\/\/aifa.aero\/transporte.html#titt<\/a><\/p>\n<\/div>\n\n\n\n<div class=\"wp-block-group is-vertical is-content-justification-left is-nowrap is-layout-flex wp-container-core-group-is-layout-970da055 wp-block-group-is-layout-flex\">\n<p class=\"has-contrast-2-color has-text-color has-link-color wp-elements-7a10fe4fcebb51bb19fc7b2aa463897b\"><strong>No hay Uber (u otras aplicaciones de transporte) disponibles<\/strong><\/p>\n<\/div>\n<\/div>\n<\/div>\n<\/div>\n<\/div>\n<\/div>\n\n\n\n<p>***Se recomienda a los asistentes consultar con anticipaci\u00f3n los requisitos migratorios para viajar a M\u00e9xico, ya que para varios pa\u00edses, incluido Brasil, la visa es obligatoria. Tambi\u00e9n se les aconseja consultar los sitios web de los Ministerios de Relaciones Exteriores de sus respectivos pa\u00edses. Como referencia complementaria, proporcionamos dos enlaces que podr\u00edan ser de utilidad:<\/p>\n\n\n\n<p><a href=\"https:\/\/www.inm.gob.mx\/gobmx\/word\/index.php\/paises-requieren-visa-para-mexico\" target=\"_blank\" rel=\"noreferrer noopener\"><strong><mark style=\"background-color:rgba(0, 0, 0, 0)\" class=\"has-inline-color has-custom-azul-color\">https:\/\/www.inm.gob.mx\/gobmx\/word\/index.php\/paises-requieren-visa-para-mexico<\/mark><\/strong><\/a><\/p>\n\n\n\n<p><a href=\"https:\/\/embamex.sre.gob.mx\/finlandia\/index.php\/traveling\/visas\" target=\"_blank\" rel=\"noreferrer noopener\"><strong><mark style=\"background-color:rgba(0, 0, 0, 0)\" class=\"has-inline-color has-custom-azul-color\">https:\/\/embamex.sre.gob.mx\/finlandia\/index.php\/traveling\/visas<\/mark><\/strong><\/a><\/p>\n<\/div>\n\n\n\n<div class=\"wp-block-group alignfull has-base-background-color has-background is-layout-flow wp-block-group-is-layout-flow\" style=\"margin-top:0;margin-bottom:0;padding-top:var(--wp--preset--spacing--50);padding-right:var(--wp--preset--spacing--50);padding-bottom:var(--wp--preset--spacing--50);padding-left:var(--wp--preset--spacing--50);background-image:url(&#039;https:\/\/turnsofthecenturies.com\/wp-content\/uploads\/2024\/12\/Mask-group-13.png&#039;);background-position:0% 100%;background-repeat:no-repeat;background-size:contain;background-attachment:scroll;\">\n<div class=\"wp-block-group is-layout-flow wp-block-group-is-layout-flow\">\n<div class=\"wp-block-group is-vertical is-content-justification-left is-layout-flex wp-container-core-group-is-layout-aa8d88b5 wp-block-group-is-layout-flex\" style=\"padding-right:var(--wp--preset--spacing--40)\">\n<h2 class=\"wp-block-heading has-text-align-left is-style-default has-custom-azul-color has-text-color has-link-color has-x-large-font-size wp-elements-942583c747f68b9a787cdca8bb65bb39\" style=\"padding-top:0;padding-bottom:0\"><strong>Alojamientos Cercanos<\/strong><\/h2>\n\n\n\n<p>Tambi\u00e9n es posible que desees considerar uno de los muchos hoteles boutique en la Colonia Roma Norte, o en la adyacente Colonia Condesa, o una opci\u00f3n cercana de Airbnb.<\/p>\n\n\n\n<div style=\"height:0px\" aria-hidden=\"true\" class=\"wp-block-spacer wp-container-content-4f2ccadb\"><\/div>\n<\/div>\n\n\n\n<div class=\"wp-block-group is-layout-grid wp-container-core-group-is-layout-83ee9bb8 wp-block-group-is-layout-grid\">\n<div class=\"wp-block-group is-vertical is-layout-flex wp-container-core-group-is-layout-a4f8cc12 wp-block-group-is-layout-flex\" style=\"padding-right:0;padding-left:0\">\n<div class=\"wp-block-group is-layout-flow wp-block-group-is-layout-flow\">\n<h3 class=\"wp-block-heading has-text-align-left is-style-default has-custom-verde-color has-text-color has-link-color has-body-font-family has-medium-font-size wp-elements-e3b2adae1177a17d32c8c6bb8a61679c\" style=\"font-style:normal;font-weight:700\"><a href=\"https:\/\/www.hotelmonarca.com.mx\/\" target=\"_blank\" rel=\"noreferrer noopener\">Hotel Escala, Colonia Roma**<\/a>*<\/h3>\n<\/div>\n\n\n\n<div class=\"wp-block-group has-medium-font-size is-layout-flow wp-block-group-is-layout-flow\">\n<h3 class=\"wp-block-heading has-text-align-left is-style-default has-custom-verde-color has-text-color has-link-color has-body-font-family has-medium-font-size wp-elements-440feb1ba7beefdbaf86dd38b15dc013\" style=\"font-style:normal;font-weight:700\"><a href=\"https:\/\/lisboahotel.com.mx\/\" target=\"_blank\" rel=\"noreferrer noopener\">Lisboa Hotel***<\/a><\/h3>\n<\/div>\n\n\n\n<div class=\"wp-block-group has-medium-font-size is-layout-flow wp-block-group-is-layout-flow\">\n<h3 class=\"wp-block-heading has-text-align-left is-style-default has-custom-verde-color has-text-color has-link-color has-body-font-family has-medium-font-size wp-elements-fb105c21d45511708040b9fe4e0613e9\" style=\"font-style:normal;font-weight:700\"><a href=\"https:\/\/hotelmilan.com.mx\/\" target=\"_blank\" rel=\"noreferrer noopener\">Hotel Mil\u00e1n***<\/a><\/h3>\n<\/div>\n\n\n\n<div class=\"wp-block-group has-medium-font-size is-layout-flow wp-block-group-is-layout-flow\">\n<h3 class=\"wp-block-heading has-text-align-left is-style-default has-custom-verde-color has-text-color has-link-color has-body-font-family has-medium-font-size wp-elements-62adbf3ce6d0aba6dd05dfd4bf6a15ed\" style=\"font-style:normal;font-weight:700\"><a href=\"https:\/\/www.hotelmonarca.com.mx\/\" target=\"_blank\" rel=\"noreferrer noopener\">Hotel Monarca<\/a>***<\/h3>\n<\/div>\n<\/div>\n\n\n\n<div class=\"wp-block-group is-vertical is-layout-flex wp-container-core-group-is-layout-a4f8cc12 wp-block-group-is-layout-flex\" style=\"padding-right:0;padding-left:0\">\n<div class=\"wp-block-group is-layout-flow wp-block-group-is-layout-flow\">\n<h3 class=\"wp-block-heading has-text-align-left is-style-default has-custom-verde-color has-text-color has-link-color has-body-font-family has-medium-font-size wp-elements-5b9f0b0aaae3b23ad716547567b5ed8b\" style=\"font-style:normal;font-weight:700\"><a href=\"https:\/\/www.stanzahotel.com\/\" data-type=\"link\" data-id=\"https:\/\/www.stanzahotel.com\/\" target=\"_blank\" rel=\"noreferrer noopener\">Stanza Hotel****<\/a><\/h3>\n<\/div>\n\n\n\n<div class=\"wp-block-group is-layout-flow wp-block-group-is-layout-flow\">\n<h3 class=\"wp-block-heading has-text-align-left is-style-default has-custom-verde-color has-text-color has-link-color has-body-font-family has-medium-font-size wp-elements-6ff7d21488bf8d66d6c4dda0cf506d17\" style=\"font-style:normal;font-weight:700\"><a href=\"https:\/\/www.hotelsegovia.com.mx\/\" data-type=\"link\" data-id=\"https:\/\/www.stanzahotel.com\/\" target=\"_blank\" rel=\"noreferrer noopener\">Segovia Regency<\/a>****<\/h3>\n<\/div>\n\n\n\n<div class=\"wp-block-group is-layout-flow wp-block-group-is-layout-flow\">\n<h3 class=\"wp-block-heading has-text-align-left is-style-default has-custom-verde-color has-text-color has-link-color has-body-font-family has-medium-font-size wp-elements-0b05c62f5835f4bfeb0e82964b6ca346\" style=\"font-style:normal;font-weight:700\"><a href=\"https:\/\/www.benidorm.com.mx\/\" data-type=\"link\" data-id=\"https:\/\/www.stanzahotel.com\/\" target=\"_blank\" rel=\"noreferrer noopener\">Hotel Benidorm<\/a>****<\/h3>\n<\/div>\n\n\n\n<div class=\"wp-block-group is-layout-flow wp-block-group-is-layout-flow\">\n<h3 class=\"wp-block-heading has-text-align-left is-style-default has-custom-verde-color has-text-color has-link-color has-body-font-family has-medium-font-size wp-elements-943669c5eb5f5fa0529c3ce517f4082e\" style=\"font-style:normal;font-weight:700\"><a href=\"https:\/\/www.hotelmarbellamexico.com\/\" data-type=\"link\" data-id=\"https:\/\/www.stanzahotel.com\/\" target=\"_blank\" rel=\"noreferrer noopener\">Hotel Marbella<\/a>****<\/h3>\n<\/div>\n\n\n\n<div class=\"wp-block-group is-layout-flow wp-block-group-is-layout-flow\">\n<h3 class=\"wp-block-heading has-text-align-left is-style-default has-custom-verde-color has-text-color has-link-color has-body-font-family has-medium-font-size wp-elements-d3e83baf1e2d04eb92f25911198030f6\" style=\"font-style:normal;font-weight:700\"><a href=\"https:\/\/www.marriott.com\/en-us\/hotels\/mexfp-four-points-mexico-city-colonia-roma\/overview\/?scid=f2ae0541-1279-4f24-b197-a979c79310b0\" data-type=\"link\" data-id=\"https:\/\/www.stanzahotel.com\/\" target=\"_blank\" rel=\"noreferrer noopener\">Four Points by Sheraton, Colonia Roma<\/a>****<\/h3>\n<\/div>\n\n\n\n<div class=\"wp-block-group is-layout-flow wp-block-group-is-layout-flow\">\n<h3 class=\"wp-block-heading has-text-align-left is-style-default has-custom-verde-color has-text-color has-link-color has-body-font-family has-medium-font-size wp-elements-a692d66d142df4bebe39312a829092ce\" style=\"font-style:normal;font-weight:700\"><a href=\"https:\/\/wynwood-house.com\/mexico\/\" data-type=\"link\" data-id=\"https:\/\/www.stanzahotel.com\/\" target=\"_blank\" rel=\"noreferrer noopener\">Casa Wynwood<\/a>****<\/h3>\n<\/div>\n<\/div>\n<\/div>\n<\/div>\n<\/div>\n\n\n\n<div class=\"wp-block-group alignfull has-base-2-background-color has-background has-medium-font-size is-layout-flow wp-block-group-is-layout-flow\" style=\"margin-top:0;margin-bottom:0;padding-top:var(--wp--preset--spacing--30);padding-right:var(--wp--preset--spacing--50);padding-bottom:var(--wp--preset--spacing--30);padding-left:var(--wp--preset--spacing--50)\">\n<div class=\"wp-block-columns alignwide tw-cols-stack-md is-layout-flex wp-container-core-columns-is-layout-d7d4a205 wp-block-columns-is-layout-flex\">\n<div class=\"wp-block-column is-layout-flow wp-block-column-is-layout-flow\" style=\"--col-width:25%;flex-basis:25%\">\n<p class=\"has-custom-verde-color has-text-color has-link-color has-x-large-font-size wp-elements-5c706610569871b8a0ff134e61c30158\" style=\"font-style:normal;font-weight:700;line-height:1.2\">Comida y bebida<\/p>\n<\/div>\n\n\n\n<div class=\"wp-block-column is-layout-flow wp-container-core-column-is-layout-119bc444 wp-block-column-is-layout-flow\" style=\"--col-width:75%;flex-basis:75%\">\n<div class=\"wp-block-group is-layout-grid wp-container-core-group-is-layout-71863cb6 wp-block-group-is-layout-grid\">\n<div class=\"wp-block-group is-layout-flow wp-block-group-is-layout-flow\">\n<p class=\"has-large-font-size\" style=\"margin-top:var(--wp--preset--spacing--10);margin-bottom:var(--wp--preset--spacing--10)\"><strong>Colonia Roma<\/strong><\/p>\n\n\n\n<div class=\"wp-block-group is-vertical is-layout-flex wp-container-core-group-is-layout-1b97c704 wp-block-group-is-layout-flex\" style=\"margin-top:var(--wp--preset--spacing--20);margin-bottom:var(--wp--preset--spacing--20);padding-top:0;padding-bottom:0\">\n<div class=\"wp-block-group is-vertical is-content-justification-left is-nowrap is-layout-flex wp-container-core-group-is-layout-970da055 wp-block-group-is-layout-flex\">\n<p class=\"has-contrast-2-color has-text-color has-link-color wp-elements-1c24312ee5ac00d3571fe303e11c2329\"><a href=\"https:\/\/maps.app.goo.gl\/KZY3msD1fq66Dsox8\" data-type=\"link\" data-id=\"https:\/\/maps.app.goo.gl\/KZY3msD1fq66Dsox8\" target=\"_blank\" rel=\"noreferrer noopener\"><strong>Covadonga (Puebla 121<\/strong>)<\/a><\/p>\n<\/div>\n\n\n\n<div class=\"wp-block-group wp-container-content-69bc4bdf is-vertical is-content-justification-left is-nowrap is-layout-flex wp-container-core-group-is-layout-9cae9dfe wp-block-group-is-layout-flex\">\n<p class=\"has-contrast-2-color has-text-color has-link-color wp-elements-60d16bd047f84fae6365cf405be91bf4\"><strong><a href=\"https:\/\/maps.app.goo.gl\/1bcThXrCTD9kDQJR9\" data-type=\"link\" data-id=\"https:\/\/maps.app.goo.gl\/1bcThXrCTD9kDQJR9\" target=\"_blank\" rel=\"noreferrer noopener\">Rosetta (Colima 166)&nbsp;<\/a><\/strong><\/p>\n<\/div>\n\n\n\n<div class=\"wp-block-group is-vertical is-content-justification-left is-nowrap is-layout-flex wp-container-core-group-is-layout-970da055 wp-block-group-is-layout-flex\">\n<p class=\"has-contrast-2-color has-text-color has-link-color wp-elements-86b7b8108485499b8388744395e3649a\"><strong><a href=\"https:\/\/maps.app.goo.gl\/rF13tUk25CHcAzSdA\" data-type=\"link\" data-id=\"https:\/\/maps.app.goo.gl\/rF13tUk25CHcAzSdA\" target=\"_blank\" rel=\"noreferrer noopener\">La Mezcalita (Morelia 6)<\/a><\/strong><\/p>\n<\/div>\n\n\n\n<div class=\"wp-block-group is-vertical is-content-justification-left is-nowrap is-layout-flex wp-container-core-group-is-layout-970da055 wp-block-group-is-layout-flex\">\n<p class=\"has-contrast-2-color has-text-color has-link-color wp-elements-b4ba4be0cd0bf6876276c24cee781d2e\"><strong><a href=\"https:\/\/maps.app.goo.gl\/fTPoteRMQGGUMqTE9\" data-type=\"link\" data-id=\"https:\/\/maps.app.goo.gl\/fTPoteRMQGGUMqTE9\" target=\"_blank\" rel=\"noreferrer noopener\">Casa Franca (M\u00e9rida 109)<\/a><\/strong><\/p>\n<\/div>\n<\/div>\n<\/div>\n\n\n\n<div class=\"wp-block-group is-layout-flow wp-block-group-is-layout-flow\">\n<p class=\"has-large-font-size\" style=\"margin-top:var(--wp--preset--spacing--10);margin-bottom:var(--wp--preset--spacing--10)\"><strong>Colonia Condesa<\/strong><\/p>\n\n\n\n<div class=\"wp-block-group is-vertical is-content-justification-left is-nowrap is-layout-flex wp-container-core-group-is-layout-970da055 wp-block-group-is-layout-flex\">\n<p class=\"has-contrast-2-color has-text-color has-link-color wp-elements-1700ba3f2ee8b90ef0fb824859b5df50\" style=\"line-height:1.9\"><strong><a href=\"https:\/\/maps.app.goo.gl\/GeMjEigW8dp3ZwB38\" data-type=\"link\" data-id=\"https:\/\/maps.app.goo.gl\/fTPoteRMQGGUMqTE9\" target=\"_blank\" rel=\"noreferrer noopener\">Zanaya (Reforma 500)<\/a>.<\/strong><\/p>\n\n\n\n<p class=\"has-contrast-2-color has-text-color has-link-color wp-elements-e2c777537366277ed23e500d7a091ad5\" style=\"line-height:1.9\"><strong><a href=\"https:\/\/maps.app.goo.gl\/8qXPLJd8xcJjgjEn9\" target=\"_blank\" rel=\"noreferrer noopener\">Filigrana (Veracruz 62).<\/a><\/strong><\/p>\n\n\n\n<p class=\"has-contrast-2-color has-text-color has-link-color wp-elements-64a4908ff200566154d60b4e89a1ff35\" style=\"line-height:1.9\"><strong><a href=\"https:\/\/maps.app.goo.gl\/7rmeVxExGJKVp1jt8\" target=\"_blank\" rel=\"noreferrer noopener\">La Capital (Nuevo Le\u00f3n 137)<\/a><\/strong><\/p>\n\n\n\n<p class=\"has-contrast-2-color has-text-color has-link-color wp-elements-11e506cd885060f80b00ab450e6f01c8\" style=\"line-height:1.9\"><strong><a href=\"https:\/\/maps.app.goo.gl\/7FXGEzYhMP9H5Gtb6\" target=\"_blank\" rel=\"noreferrer noopener\">Azul Condesa (Nuevo Le\u00f3n 67)<\/a><\/strong><\/p>\n<\/div>\n<\/div>\n<\/div>\n<\/div>\n<\/div>\n\n\n\n<p><\/p>\n<\/div>","protected":false},"excerpt":{"rendered":"<p>About CASUL More info about CASUL Venue Orizaba 24, Colonia Roma Norte, 06700, Mexico City, Mexico ***CASUL is a historical venue. It is a two story house with several stair flights and other challenges for people with mobility restrictions. We apologise in advance for this inconvenience. Travelling to Mexico Getting around Visiting Mexico City (including [&hellip;]<\/p>","protected":false},"author":2,"featured_media":0,"parent":0,"menu_order":0,"comment_status":"closed","ping_status":"closed","template":"page-no-title","meta":{"footnotes":""},"class_list":["post-22","page","type-page","status-publish","hentry"],"_links":{"self":[{"href":"https:\/\/turnsofthecenturies.com\/es\/wp-json\/wp\/v2\/pages\/22","targetHints":{"allow":["GET"]}}],"collection":[{"href":"https:\/\/turnsofthecenturies.com\/es\/wp-json\/wp\/v2\/pages"}],"about":[{"href":"https:\/\/turnsofthecenturies.com\/es\/wp-json\/wp\/v2\/types\/page"}],"author":[{"embeddable":true,"href":"https:\/\/turnsofthecenturies.com\/es\/wp-json\/wp\/v2\/users\/2"}],"replies":[{"embeddable":true,"href":"https:\/\/turnsofthecenturies.com\/es\/wp-json\/wp\/v2\/comments?post=22"}],"version-history":[{"count":31,"href":"https:\/\/turnsofthecenturies.com\/es\/wp-json\/wp\/v2\/pages\/22\/revisions"}],"predecessor-version":[{"id":666,"href":"https:\/\/turnsofthecenturies.com\/es\/wp-json\/wp\/v2\/pages\/22\/revisions\/666"}],"wp:attachment":[{"href":"https:\/\/turnsofthecenturies.com\/es\/wp-json\/wp\/v2\/media?parent=22"}],"curies":[{"name":"wp","href":"https:\/\/api.w.org\/{rel}","templated":true}]}}