{"id":274,"date":"2025-01-21T21:58:16","date_gmt":"2025-01-21T21:58:16","guid":{"rendered":"https:\/\/cei.productosdigitales.mx\/?page_id=274"},"modified":"2025-12-27T15:28:58","modified_gmt":"2025-12-27T15:28:58","slug":"register","status":"publish","type":"page","link":"https:\/\/turnsofthecenturies.com\/es\/register\/","title":{"rendered":"Registro"},"content":{"rendered":"<div style=\"height:100px\" aria-hidden=\"true\" class=\"wp-block-spacer\"><\/div>\n\n\n\n<div class=\"wp-block-group alignfull is-layout-flow wp-block-group-is-layout-flow\" style=\"padding-top:0;padding-right:var(--wp--preset--spacing--60);padding-bottom:var(--wp--preset--spacing--30);padding-left:var(--wp--preset--spacing--60)\">\n<div class=\"wp-block-group is-layout-flow wp-block-group-is-layout-flow\" style=\"padding-top:0;padding-right:var(--wp--preset--spacing--40);padding-bottom:0;padding-left:var(--wp--preset--spacing--40)\">\n<p><strong>Pago v\u00eda PayPal<\/strong><\/p>\n\n\n\n<p>Llene el formulario de inscripci\u00f3n y siga el enlace\/bot\u00f3n que lo redireccionar\u00e1 al sitio web de ABEI, donde podr\u00e1 realizar su pago.&nbsp;<\/p>\n\n\n\n<p>La inscripci\u00f3n incluye acceso durante tres d\u00edas a sesiones presenciales, paquete del simposio, recepci\u00f3n de bienvenida, eventos culturales y recesos para tomar caf\u00e9 o t\u00e9. Los participantes en l\u00ednea podr\u00e1n asistir a conferencias en l\u00ednea (tres paneles el segundo d\u00eda del simposio).<\/p>\n\n\n\n<p>La inscripci\u00f3n anticipada cierra el 20 de junio de 2025.<\/p>\n\n\n\n<p>La inscripci\u00f3n regular cierra el 31 de julio de 2025.<\/p>\n\n\n\n<p><strong>CUOTA DE INSCRIPCI\u00d3N:<\/strong>:<\/p>\n\n\n\n<p>Inscripci\u00f3n regular: 150 USD<\/p>\n\n\n\n<p>Inscripci\u00f3n anticipada: 80 USD<\/p>\n\n\n\n<p>Estudiante: 50 USD<\/p>\n\n\n\n<p>Presentaci\u00f3n en l\u00ednea: 50 USD (ya sea para acad\u00e9micos o estudiantes)<\/p>\n\n\n\n<p>Asistentes: 50 USD (ya sean acad\u00e9micos o estudiantes)<\/p>\n\n\n\n<p>Asistentes en l\u00ednea: 30 USD (ya sea acad\u00e9micos o estudiantes)<\/p>\n\n\n\n<p>***Para los delegados de ABEI que asisten al simposio en persona: la membres\u00eda anual de ABEI se considera en la tarifa de inscripci\u00f3n.<\/p>\n\n\n\n<p>***El pago en efectivo (MXN) s\u00f3lo ser\u00e1 aceptado para participantes que asistan al simposio desde Argentina o pa\u00edses donde PayPal no est\u00e9 disponible.  <\/p>\n\n\n\n<p><strong>BECAS<\/strong>:<\/p>\n\n\n\n<p><em>Becas generales<\/em>:<\/p>\n\n\n\n<p>Se otorgar\u00e1n doce becas a un total de 12 estudiantes registrados en la UNAM, USP, UNLPam o USAL (esto incluye \u00fanicamente la exenci\u00f3n de pago de inscripci\u00f3n).<\/p>\n\n\n\n<p>&nbsp;<em>Becas especiales<\/em>:<\/p>\n\n\n\n<p>Se otorgar\u00e1n tres becas a un total de tres estudiantes de la USP, la UNLPam o la USAL que viajen a M\u00e9xico (incluye exenci\u00f3n de pago de inscripci\u00f3n y apoyo financiero adicional; monto a confirmar).&nbsp;<\/p>\n\n\n\n<p>Para los estudiantes que est\u00e9n interesados en aplicar a alguna de las becas mencionadas anteriormente, por favor enviar sus propuestas antes del 30 de abril de 2025 y enviar un correo a  turnsofthecenturies@gmail.com con la siguiente informaci\u00f3n:<\/p>\n\n\n\n<p>-Comprobante de inscripci\u00f3n vigente (ya sea UNAM, USP, UNLPam o USAL para becas generales y s\u00f3lo USP, UNLPam o USAL para becas especiales).&nbsp;<\/p>\n\n\n\n<p>-Carta de motivos: una breve carta (200-250 palabras) en la que se nos brinde alg\u00fan contexto sobre su formaci\u00f3n acad\u00e9mica e inter\u00e9s personal para asistir al simposio.<\/p>\n<\/div>\n\n\n\n<div class=\"wp-block-buttons is-content-justification-center is-layout-flex wp-container-core-buttons-is-layout-a89b3969 wp-block-buttons-is-layout-flex\">\n<div class=\"wp-block-button\"><a class=\"wp-block-button__link wp-element-button\" href=\"https:\/\/forms.gle\/EDpLZn7QgRGww65u8\" target=\"_blank\" rel=\"noreferrer noopener\">Haga su registro mediante el formulario<\/a><\/div>\n<\/div>\n\n\n\n<div class=\"wp-block-group has-global-padding is-layout-constrained wp-container-core-group-is-layout-61147209 wp-block-group-is-layout-constrained\">\n<script src=\"https:\/\/www.paypal.com\/sdk\/js?client-id=BAACvsmGuhymXuOkaIj1EXbbaeaSoQxrcjBSO1D4qjNkcXxF3dYCqMeYUmoVQsOOSI86W1dKORjAFIu5r8&#038;components=hosted-buttons&#038;disable-funding=venmo&#038;currency=USD\"><\/script>\n<div id=\"paypal-container-7DMPAV3C2R6KS\"><\/div>\n<script>\n  paypal.HostedButtons({\n    hostedButtonId: \"7DMPAV3C2R6KS\",\n  }).render(\"#paypal-container-7DMPAV3C2R6KS\")\n<\/script>\n<\/div>\n\n\n\n<p class=\"has-text-align-center has-medium-font-size\"><strong>&nbsp;Le pedimos amablemente que considere apoyar el simposio haciendo clic en el bot\u00f3n \u201cDonar\u201d. Gracias por su generoso apoyo<\/strong><\/p>\n\n\n\n<div class=\"wp-block-group has-global-padding is-layout-constrained wp-container-core-group-is-layout-61147209 wp-block-group-is-layout-constrained\">\n<div id=\"paypal-container-PKLHRUXKRDP3L\"><\/div>\n<script>\n  paypal.HostedButtons({\n    hostedButtonId: \"PKLHRUXKRDP3L\",\n  }).render(\"#paypal-container-PKLHRUXKRDP3L\")\n<\/script>\n<\/div>\n<\/div>","protected":false},"excerpt":{"rendered":"<p>Payment by PayPal Fill in the registration form and follow the link\/button that will redirect you to the ABEI website, where you can make your payment.&nbsp; Registration includes a three-day access to in-person sessions, conference pack, welcome reception, cultural events, and tea\/coffee breaks. On-line participants will be able to attend on-line panels (three panels on [&hellip;]<\/p>","protected":false},"author":2,"featured_media":0,"parent":0,"menu_order":0,"comment_status":"closed","ping_status":"closed","template":"page-no-title","meta":{"footnotes":""},"class_list":["post-274","page","type-page","status-publish","hentry"],"_links":{"self":[{"href":"https:\/\/turnsofthecenturies.com\/es\/wp-json\/wp\/v2\/pages\/274","targetHints":{"allow":["GET"]}}],"collection":[{"href":"https:\/\/turnsofthecenturies.com\/es\/wp-json\/wp\/v2\/pages"}],"about":[{"href":"https:\/\/turnsofthecenturies.com\/es\/wp-json\/wp\/v2\/types\/page"}],"author":[{"embeddable":true,"href":"https:\/\/turnsofthecenturies.com\/es\/wp-json\/wp\/v2\/users\/2"}],"replies":[{"embeddable":true,"href":"https:\/\/turnsofthecenturies.com\/es\/wp-json\/wp\/v2\/comments?post=274"}],"version-history":[{"count":51,"href":"https:\/\/turnsofthecenturies.com\/es\/wp-json\/wp\/v2\/pages\/274\/revisions"}],"predecessor-version":[{"id":3262,"href":"https:\/\/turnsofthecenturies.com\/es\/wp-json\/wp\/v2\/pages\/274\/revisions\/3262"}],"wp:attachment":[{"href":"https:\/\/turnsofthecenturies.com\/es\/wp-json\/wp\/v2\/media?parent=274"}],"curies":[{"name":"wp","href":"https:\/\/api.w.org\/{rel}","templated":true}]}}