{"id":33,"date":"2024-12-04T18:12:05","date_gmt":"2024-12-04T18:12:05","guid":{"rendered":"https:\/\/cei.productosdigitales.mx\/?page_id=33"},"modified":"2025-05-16T02:42:40","modified_gmt":"2025-05-16T02:42:40","slug":"apply-now","status":"publish","type":"page","link":"https:\/\/turnsofthecenturies.com\/es\/apply-now\/","title":{"rendered":"Apply Now"},"content":{"rendered":"<div style=\"height:100px\" aria-hidden=\"true\" class=\"wp-block-spacer\"><\/div>\n\n\n\n<div class=\"wp-block-group alignwide is-layout-flow wp-block-group-is-layout-flow\" style=\"padding-top:0;padding-bottom:0\">\n<p class=\"has-text-align-center\"><strong>Entre siglos: literatura y cultura irlandesas y latinoamericanas. Simposio internacional 2025<\/strong><\/p>\n\n\n\n<p class=\"has-text-align-center\" style=\"line-height:0.6\">X Conferencia de SILAS<\/p>\n\n\n\n<p class=\"has-text-align-center\">XX Simposio de Estudios Irlandeses en Am\u00e9rica Latina de ABEI<\/p>\n\n\n\n<p class=\"has-text-align-center\"><strong>Irlanda y Am\u00e9rica Latina: perspectivas y conexiones interdisciplinarias<\/strong><\/p>\n\n\n\n<p class=\"has-text-align-center\">17, 18 y 19 de septiembre de 2025<\/p>\n\n\n\n<p class=\"has-text-align-center\">Casa Universitaria del Libro (CASUL), Universidad Nacional Aut\u00f3noma de M\u00e9xico (UNAM)<\/p>\n\n\n\n<p class=\"has-text-align-center\">Ciudad de M\u00e9xico<\/p>\n\n\n\n<p>El simposio internacional Entre siglos: literatura y cultura irlandesas y latinoamericanas ser\u00e1 celebrado por la Universidad Nacional Aut\u00f3noma de M\u00e9xico (UNAM) en la Ciudad de M\u00e9xico y organizado conjuntamente por las tres principales c\u00e1tedras latinoamericanas de Estudios Irlandeses  existentes: la C\u00e1tedra Gratuita Extracurricular de Estudios Irlandeses y la Di\u00e1spora Irlandesa: Edna O'Brien y Colum McCann (UNLPam) de Argentina, la C\u00e1tedra W. B. Yeats de Estudios Irlandeses (USP) de Brasil y la C\u00e1tedra Eavan Boland-Anne Enright de Estudios Irlandeses (UNAM) de M\u00e9xico. Entre los organizadores se encuentran tambi\u00e9n la Embajada de Irlanda en M\u00e9xico, as\u00ed como la Sociedad de Estudios Irlandeses Latinoamericanos (SILAS) y la Asociaci\u00f3n Brasile\u00f1a de Estudios Irlandeses (ABEI), con financiaci\u00f3n del Programa de Apoyo a Emigrantes de Irlanda (ESP) y la DGAPA-UNAM, entre otros [Haga clic en \"Organizadores\"]. El Simposio contar\u00e1 con paneles en ingl\u00e9s, espa\u00f1ol y portugu\u00e9s, y por lo tanto pondr\u00e1 de relieve la investigaci\u00f3n sobre estudios irlandeses que se realiza en estos idiomas. Los autores, artistas y acad\u00e9micos irlandeses han tenido un gran impacto en sus hom\u00f3logos latinoamericanos, quienes han encontrado mucho que admirar en la vibrante producci\u00f3n cultural irlandesa de los \u00faltimos 200 a\u00f1os. Como consecuencia de estas diversas actividades creativas y acad\u00e9micas, diversos di\u00e1logos multiling\u00fces se est\u00e1n dando lugar.&nbsp;<\/p>\n\n\n\n<p>La cultura y la literatura de Irlanda destacan, entre las naciones del mundo occidental, como unas de las m\u00e1s pr\u00f3speras e influyentes. Aunque esto ha sido cierto durante al menos 1000 a\u00f1os, en los \u00faltimos dos siglos de esta naci\u00f3n se ha suscitado un auge de creatividad e influencia est\u00e9tica particularmente poderoso. Por esta raz\u00f3n, el simposio de este a\u00f1o est\u00e1 dedicado a la exploraci\u00f3n de las m\u00faltiples formas en las que Irlanda se ha consolidado como una de las potencias culturales m\u00e1s destacadas del mundo, en especial en el cambio del siglo XX al XXI. Al celebrar la cultura y la literatura irlandesas en M\u00e9xico en estos per\u00edodos hist\u00f3ricos, el simposio busca honrar el esp\u00edritu expansivo de fervor art\u00edstico y sofisticaci\u00f3n intelectual de esta naci\u00f3n.<\/p>\n\n\n\n<p>El simposio est\u00e1 abierto a todo tipo de contribuciones que aborden, de forma directa o indirecta, la cultura y la literatura de Irlanda tanto en ponencias acad\u00e9micas como en presentaciones e instalaciones de creaci\u00f3n o multimedia. Se aceptan propuestas para ponencias individuales, paneles completos y mesas redondas, as\u00ed como exposiciones de trabajos art\u00edsticos, multimedia o digitales. Cada participante podr\u00e1 presentar \u00fanicamente una ponencia y otro tipo de contribuci\u00f3n (como artista, moderador, comentarista, etc.). Se privilegiar\u00e1n aquellas que establezcan un di\u00e1logo con las transiciones \u201centre los siglos (XX y XXI) en Irlanda\u201d, concebidas, en un sentido amplio, en relaci\u00f3n con temas como naci\u00f3n, lengua, identidad, raza, religi\u00f3n, g\u00e9nero, clase, psicolog\u00eda, forma art\u00edstica, g\u00e9nero literario, movimientos de vanguardia, periodos hist\u00f3ricos o cultura popular.<\/p>\n\n\n\n<p>El simposio est\u00e1 abierto a todo tipo de contribuciones que aborden, de forma directa o indirecta, la cultura y la literatura de Irlanda tanto en ponencias acad\u00e9micas como en presentaciones e instalaciones de creaci\u00f3n o multimedia. Se aceptan propuestas para ponencias individuales, paneles completos y mesas redondas, as\u00ed como exposiciones de trabajos art\u00edsticos, multimedia o digitales. Cada participante podr\u00e1 presentar \u00fanicamente una ponencia y otro tipo de contribuci\u00f3n (como artista, moderador, comentarista, etc.). Se privilegiar\u00e1n aquellas que establezcan un di\u00e1logo con las transiciones \u201centre los siglos (XX y XXI) en Irlanda\u201d, concebidas, en un sentido amplio, en relaci\u00f3n con temas como naci\u00f3n, lengua, identidad, raza, religi\u00f3n, g\u00e9nero, clase, psicolog\u00eda, forma art\u00edstica, g\u00e9nero literario, movimientos de vanguardia, periodos hist\u00f3ricos o cultura popular.<\/p>\n\n\n\n<p>Se aceptar\u00e1n propuestas para presentaciones en l\u00ednea, pero estar\u00e1n limitadas a tres mesas redondas durante el segundo d\u00eda (jueves 18 de septiembre). Se seleccionar\u00e1 un m\u00e1ximo de 12 ponencias para la modalidad en l\u00ednea\/h\u00edbrida y se dar\u00e1 preferencia a las propuestas de personas que no residan en M\u00e9xico. Si esta modalidad es de su inter\u00e9s, ind\u00edquelo claramente al enviar su propuesta.<\/p>\n\n\n\n<p>Ya que la aproximaci\u00f3n de nuestras instituciones es multidisciplinaria, los temas sugeridos se dividen en<br>las siguientes \u00e1reas principales:<\/p>\n\n\n\n<p><strong>Entre siglos: literatura y cultura irlandesas y latinoamericanas.<\/strong><\/p>\n\n\n\n<ul class=\"wp-block-list\">\n<li>La poes\u00eda del fin-de-si\u00e8cle irland\u00e9s en di\u00e1logo con las artes<\/li>\n\n\n\n<li>El G\u00f3tico irland\u00e9s a finales del siglo XIX<\/li>\n\n\n\n<li>Ficci\u00f3n breve irlandesa a inicios del siglo XX<\/li>\n\n\n\n<li>El teatro y la puesta en escena: su impacto en la articulaci\u00f3n de una identidad nacional irlandesa<\/li>\n\n\n\n<li>Escritoras clave a finales del siglo XIX: Jane Wilde, Elizabeth Bowen, Kate O\u2019Brien<\/li>\n\n\n\n<li>Memorias y autoficci\u00f3n en el cambio entre siglos: el caso irland\u00e9s<\/li>\n\n\n\n<li>La obra de Maeve Brennan a finales del siglo XX: su renacimiento literario, ediciones p\u00f3stumas, traducciones, recepci\u00f3n<br>translations, reception<\/li>\n\n\n\n<li>Escritoras irlandesas en el siglo XXI: microficci\u00f3n, cuentos y novelas<\/li>\n<\/ul>\n\n\n\n<p><strong>Di\u00e1logos entre Irlanda, Am\u00e9rica Latina y el Caribe (LAC)<\/strong><\/p>\n\n\n\n<ul class=\"wp-block-list\">\n<li>Exposici\u00f3n fotogr\u00e1fica patrocinada por la organizaci\u00f3n EPIC y el Ministerio de Asuntos Exteriores (DFA), con la participaci\u00f3n de Cristina Bandek (<em>Los cristales de la sal<\/em>)<\/li>\n\n\n\n<li>Poes\u00eda y arte irlandesas, latinoamericanas y caribe\u00f1as en los siglos XX y XXI<\/li>\n\n\n\n<li>Ecocr\u00edtica, ecopoes\u00eda y aproximaciones creativas al activismo ecol\u00f3gico en Irlanda y Am\u00e9rica Latina<br>y el Centro de Solidaridad Latinoamericana en Irlanda (LASC)<\/li>\n\n\n\n<li>Aproximaciones culturales e hist\u00f3ricas a la justicia social y los estudios de g\u00e9nero en Irlanda y Am\u00e9rica Latina<br>America<\/li>\n\n\n\n<li>Acci\u00f3n clim\u00e1tica y participaci\u00f3n comunitaria: experiencias entre Irlanda, Am\u00e9rica Latina y el Caribe (LAC)<\/li>\n\n\n\n<li>Construcci\u00f3n de puentes entre Irlanda y Am\u00e9rica Latina: archivos, narraci\u00f3n y la herencia del conocimiento<\/li>\n<\/ul>\n\n\n\n<p><strong>Estudios multidisciplinarios<\/strong><\/p>\n\n\n\n<ul class=\"wp-block-list\">\n<li>Literatura irlandesa en traducci\u00f3n en Am\u00e9rica Latina: ediciones en espa\u00f1ol y portugu\u00e9s<\/li>\n\n\n\n<li>Humanidades digitales y los Estudios Irlandeses\/Estudios Latinoamericanos<\/li>\n\n\n\n<li>Estudios de la migraci\u00f3n: perspectivas transdisciplinarias entre Irlanda y Am\u00e9rica Latina<\/li>\n\n\n\n<li>Raza, g\u00e9nero e identidad en las primeras d\u00e9cadas del siglo XXI<\/li>\n\n\n\n<li>Justicia ambiental\/clim\u00e1tica<\/li>\n\n\n\n<li>Estudios de la migraci\u00f3n, movilidad, exilio y desplazamiento<\/li>\n<\/ul>\n\n\n\n<p>El Simposio alienta el env\u00edo de propuestas para ponencias individuales, paneles completos y mesas redondas, en ingl\u00e9s, espa\u00f1ol o portugu\u00e9s, as\u00ed como exposiciones multimedia o digitales. Si desea enviar una propuesta individual (20 minutos), por favor d\u00e9 clic en \"Registro\" y complete el formulario con la informaci\u00f3n requerida: nombre(s) y apellido(s), afiliaci\u00f3n acad\u00e9mica (si aplica), t\u00edtulo de la ponencia o panel, tipo de participaci\u00f3n (presencial o en l\u00ednea) y una breve biograf\u00eda (m\u00e1ximo 250 palabras). Los res\u00famenes (m\u00e1ximo 300 palabras) deben incluirse en el formulario como un archivo Word adjunto.<\/p>\n\n\n\n<p>Para propuestas de paneles completos, el coordinador del panel deber\u00e1 completar el formulario y enviar la siguiente informaci\u00f3n en un archivo Word adjunto:<\/p>\n\n\n\n<p>t\u00edtulo del panel,  nombre(s) y apellido(s) de todos los participantes (m\u00e1ximo cuatro), afiliaciones acad\u00e9micas de todos los participantes (si aplica), correos electr\u00f3nicos de todos los participantes, t\u00edtulos de cada ponencia, nombre y afiliaci\u00f3n del coordinador del panel  (si aplica) y de los comentaristas (m\u00e1ximo dos, en caso de que los haya), un breve resumen del panel en su conjunto (m\u00e1ximo 500 palabras) y una breve semblanza de cada participante (m\u00e1ximo 250 palabras). Los participantes individuales en estos paneles no necesitan enviar res\u00famenes ni completar el formulario de manera independiente. El coordinador del panel tiene la opci\u00f3n de presentar una ponencia, aunque es importante se\u00f1alar que se acostumbra que su participaci\u00f3n sea la final. Los paneles deben ser \u00edntegramente en ingl\u00e9s, espa\u00f1ol o portugu\u00e9s.<\/p>\n\n\n\n<p>La mayor\u00eda de las sesiones del panel tendr\u00e1n una duraci\u00f3n de 90 minutos.<\/p>\n\n\n\n<p class=\"has-accent-3-color has-text-color has-link-color wp-elements-0c8860a52faad0c064021f0b1d14118d\">Nueva fecha l\u00edmite para el env\u00edo de propuestas: <strong>15 de junio de 2025<\/strong>.<\/p>\n\n\n\n<p>Si tiene m\u00e1s preguntas, por favor env\u00ede un correo a <mark style=\"background-color:rgba(0, 0, 0, 0)\" class=\"has-inline-color has-custom-azul-color\">turnsofthecenturies@gmail.com<\/mark>.<\/p>\n\n\n\n<div class=\"wp-block-buttons is-layout-flex wp-block-buttons-is-layout-flex\">\n<div class=\"wp-block-button\"><a class=\"wp-block-button__link wp-element-button\" href=\"https:\/\/turnsofthecenturies.com\/es\/register\/\">Registro<\/a><\/div>\n<\/div>\n<\/div>","protected":false},"excerpt":{"rendered":"<p>The Turns of the Centuries: Irish and Latin American Literature and Culture. 2025 International Symposium X SILAS Conference XX ABEI Symposium of IS Studies in South America Ireland and Latin America: Interdisciplinary Perspectives and Connections 17, 18, and 19 September 2025 Casa Universitaria del Libro (CASUL), National Autonomous University of Mexico (UNAM) Mexico City The [&hellip;]<\/p>","protected":false},"author":2,"featured_media":0,"parent":0,"menu_order":0,"comment_status":"closed","ping_status":"closed","template":"page-no-title","meta":{"footnotes":""},"class_list":["post-33","page","type-page","status-publish","hentry"],"_links":{"self":[{"href":"https:\/\/turnsofthecenturies.com\/es\/wp-json\/wp\/v2\/pages\/33","targetHints":{"allow":["GET"]}}],"collection":[{"href":"https:\/\/turnsofthecenturies.com\/es\/wp-json\/wp\/v2\/pages"}],"about":[{"href":"https:\/\/turnsofthecenturies.com\/es\/wp-json\/wp\/v2\/types\/page"}],"author":[{"embeddable":true,"href":"https:\/\/turnsofthecenturies.com\/es\/wp-json\/wp\/v2\/users\/2"}],"replies":[{"embeddable":true,"href":"https:\/\/turnsofthecenturies.com\/es\/wp-json\/wp\/v2\/comments?post=33"}],"version-history":[{"count":32,"href":"https:\/\/turnsofthecenturies.com\/es\/wp-json\/wp\/v2\/pages\/33\/revisions"}],"predecessor-version":[{"id":630,"href":"https:\/\/turnsofthecenturies.com\/es\/wp-json\/wp\/v2\/pages\/33\/revisions\/630"}],"wp:attachment":[{"href":"https:\/\/turnsofthecenturies.com\/es\/wp-json\/wp\/v2\/media?parent=33"}],"curies":[{"name":"wp","href":"https:\/\/api.w.org\/{rel}","templated":true}]}}